{"id":970,"date":"2009-06-09T18:40:29","date_gmt":"2009-06-09T09:40:29","guid":{"rendered":"http:\/\/www.1-s.jp\/doc\/?page_id=970"},"modified":"2021-10-05T15:13:11","modified_gmt":"2021-10-05T06:13:11","slug":"faq_other","status":"publish","type":"page","link":"https:\/\/www.1-s.jp\/doc\/faq\/faq_other\/","title":{"rendered":"\u305d\u306e\u4ed6"},"content":{"rendered":"<div id=\"undercolumn\">\n<div id=\"undercolumn_entry\">\n<div class=\"titlebar_middle\">\n<h2 id=\"title_faq\" class=\"title\">\u3088\u304f\u3042\u308b\u8cea\u554f\u3068\u56de\u7b54<\/h2>\n<\/div>\n<div class=\"faq_menu_back\">\n<div id=\"faq_main\">\n<div class=\"line_faq\"><\/div>\n<p class=\"question\">\u79c1\u306ePC\u306f\u25cf\u25cf\u25cf\u25cf\u88fd\u306e\u00d7\u00d7\u00d7\u00d7\u3067\u3059\u304c\u3001\u30e1\u30e2\u30ea\u3092\u5897\u8a2d\u3057\u305f\u3044\u306e\u3067\u5bfe\u5fdc\u30e1\u30e2\u30ea\u3092\u6559\u3048\u3066\u4e0b\u3055\u3044<\/p>\n<div class=\"line_faq\"><\/div>\n<p class=\"answer\">\u3000\u5f53\u5e97\u306f\u81ea\u4f5cPC\u30d1\u30fc\u30c4\u306e\u5c02\u9580\u5e97\u3068\u306a\u308a\u3001\u30e1\u30fc\u30ab\u30fc\u88fdPC\u306b\u95a2\u3059\u308b\u8a73\u7d30\u306a\u30c7\u30fc\u30bf\u3092\u6301\u3061\u5408\u308f\u305b\u3066\u304a\u308a\u307e\u305b\u3093\u306e\u3067\u3001\u305d\u3046\u3044\u3063\u305fPC\u3067\u306e\u5bfe\u5fdc\u60c5\u5831\u306f\u57fa\u672c\u7684\u306b\u304a\u5ba2\u69d8\u5fa1\u81ea\u8eab\u3067\u304a\u8abf\u3079\u9802\u304f\u5fc5\u8981\u304c\u3054\u3056\u3044\u307e\u3059\u304c\u3001\u3069\u3046\u3057\u3066\u3082\u5224\u3089\u306a\u3051\u308c\u3070\u304a\u554f\u3044\u5408\u305b\u30d5\u30a9\u30fc\u30e0\u306b\u3066<strong>\u5fa1\u5229\u7528PC\u306e\u300c\u6b63\u5f0f\u306a\u578b\u756a\u300d<\/strong>\u3068\u5171\u306b\u305d\u306e\u65e8\u304a\u554f\u3044\u5408\u308f\u305b\u9802\u304f\u304b\u3001\u5fa1\u6ce8\u6587\u6642\u306b\u304a\u7533\u3057\u8fbc\u307f\u30d5\u30a9\u30fc\u30e0\u5185\u306e\u300c\u305d\u306e\u4ed6\u304a\u554f\u3044\u5408\u308f\u305b\u300d\u6b04\u306b\u3066\u304a\u554f\u3044\u5408\u308f\u305b\u9802\u3051\u308c\u3070\u3001\u5f53\u5e97\u306b\u3066\u304a\u8abf\u3079\u3055\u305b\u3066\u9802\u304d\u307e\u3059\u3002<\/p>\n<div class=\"line_faq\"><\/div>\n<p class=\"question\">Unbufferd non-ECC\u306e\u30e1\u30e2\u30ea\u63a2\u3057\u3066\u3044\u308b\u306e\u3067\u3059\u304c\u3001\u3069\u306e\u30e1\u30e2\u30ea\u3067\u3057\u3087\u3046\u304b\uff1f<\/p>\n<div class=\"line_faq\"><\/div>\n<p class=\"answer\">\u3000\u5f53\u5e97\u63b2\u8f09\u306e\u30e1\u30e2\u30ea\u3067\u300cECC\u300d\u3084\u300cRegistarad(\u30ec\u30b8\u30b9\u30bf\u30fc\u30c9)\u300d\u306e\u8868\u8a18\u306e\u7121\u3044\u30e1\u30e2\u30ea\u306b\u95a2\u3057\u3066\u306f\u5168\u3066Unbufferd non-ECC\u306e\u30e1\u30e2\u30ea\u3068\u306a\u308a\u307e\u3059\u306e\u3067\u3001\u305d\u308c\u3089\u306e\u8868\u8a18\u306e\u7121\u3044\u30e1\u30e2\u30ea\u3067\u3001\u5bfe\u5fdc\u898f\u683c\u306e\u88fd\u54c1\u3092\u304a\u9078\u3073\u4e0b\u3055\u3044\u3002<\/p>\n<div class=\"line_faq\"><\/div>\n<p class=\"question\">CPU\u306fBOX\u54c1\u3067\u3059\u304b\uff1f<\/p>\n<div class=\"line_faq\"><\/div>\n<p class=\"answer\">\u3000\u5546\u54c1\u540d\u306b\u300c\u30d0\u30eb\u30af\u300d\u306e\u8a18\u8f09\u306e\u7121\u3044\u5546\u54c1\u306b\u95a2\u3057\u3066\u306f\u57fa\u672c\u7684\u306b\u30ea\u30c6\u30fc\u30ebBOX\u54c1\u3068\u306a\u308a\u3001CPU\u30d5\u30a1\u30f3\u3084\u30e1\u30fc\u30ab\u30fc\u4fdd\u8a3c\u304c\u3054\u3056\u3044\u307e\u3059\u3002<br \/>\nIntel\u306e\u30aa\u30fc\u30d0\u30fc\u30af\u30ed\u30c3\u30af\u5411\u3051CPU\u3067\u578b\u756a\u672b\u5c3e\u306b\u300cK\u300d\u304c\u4ed8\u304f\u30b7\u30ea\u30fc\u30ba\u3084\u3001AMD\u306e\u4e00\u90e8\u306eCPU\u3067\u578b\u756a\u672b\u5c3e\u306b\u300cWOF\u300d\u306e\u4ed8\u304f\u3082\u306e\u306b\u306fCPU\u30d5\u30a1\u30f3\u304c\u4ed8\u5c5e\u3057\u3066\u304a\u308a\u307e\u305b\u3093\u306e\u3067\u5fa1\u6ce8\u610f\u4e0b\u3055\u3044\u3002<\/p>\n<div class=\"line_faq\"><\/div>\n<p><a name=\"DDR3-4GB-4Gbit\"><\/a><\/p>\n<p class=\"question\">DDR3-1066\/1333\u306e4GB\u30e1\u30e2\u30ea\u3092\u8cfc\u5165\u3057\u305f\u3068\u3053\u308d\u8a8d\u8b58\u3055\u308c\u306a\u3044\u306e\u3067\u3059\u304c\u521d\u671f\u4e0d\u826f\u3067\u3057\u3087\u3046\u304b\uff1f<\/p>\n<div class=\"line_faq\"><\/div>\n<p class=\"answer\">\u30002015\u5e74\u6625\u4ee5\u964d\u304b\u3089DDR3-1066\u30841333\u898f\u683c\u306e4GB\u30e1\u30e2\u30ea\u3067\u306f\u3001\u9ad8\u96c6\u7a4d\u5316\u3055\u308c\u305f\u30e1\u30e2\u30ea\u30c1\u30c3\u30d7\u3092\u63a1\u7528\u3057\u305f\u88fd\u54c1\u304c\u5897\u3048\u59cb\u3081\u3066\u3044\u307e\u3059\u3002<br \/>\n\u3000\u3053\u306e\u5f71\u97ff\u3067\u7b2c\u4e00\u4e16\u4ee3\u306eCore i\u30b7\u30ea\u30fc\u30ba(CPU\u578b\u756a\u3092\u8868\u3059\u6570\u5024\u304c3\u6841)\u306e\u6a5f\u7a2e\u3067\u6700\u5927\u30e1\u30e2\u30ea\u5897\u8a2d\u5bb9\u91cf\u306e8\u30ae\u30ac\u30d0\u30a4\u30c8\u307e\u3067\u5897\u8a2d\u3055\u308c\u305f\u3044\u5834\u5408\u306a\u3069\u306b\u3001\u73fe\u5728\u8ca9\u58f2\u3057\u3066\u3044\u308b\u6b86\u3069\u306eDDR-1066\/1333\u306e4\u30ae\u30ac\u30d0\u30a4\u30c8\u306e\u30e1\u30e2\u30ea\u304c\u8a8d\u8b58\u51fa\u6765\u306a\u304f\u306a\u3063\u3066\u3044\u307e\u3059\u3002<br \/>\n\u3000\u3053\u308c\u306f\u8a8d\u8b58\u51fa\u6765\u308b\u30c1\u30c3\u30d71\u679a\u3042\u305f\u308a\u306e\u5bb9\u91cf\u304c\u554f\u984c\u3068\u306a\u308a\u307e\u3059\u3002<br \/>\n\u3000<br \/>\n\u7c21\u5358\u306a\u8868\u3092\u4f5c\u6210\u3057\u3066\u304a\u308a\u307e\u3059\u306e\u3067\uff0c<a href=\"http:\/\/www.1-s.jp\/doc\/2015\/11\/23\/20151123mem\/\">\uff1c\u30e1\u30e2\u30ea\u306e\u4e0a\u9650\u306b\u3064\u3044\u3066\uff1e<\/a>\u3092\u3054\u89a7\u4e0b\u3055\u3044\uff0e<br \/>\n\u3000<br \/>\n\u3000\u30e1\u30e2\u30ea\u306e\u5bb9\u91cf\u306f1\u30ae\u30ac\u30d0\u30a4\u30c8\uff1d8\u30ae\u30ac\u30d3\u30c3\u30c8\u3068\u8a08\u7b97\u3055\u308c\u3001\u4e00\u822c\u7684\u306b\u30e1\u30e2\u30ea\u57fa\u677f\u306b\u306f\u7247\u9762\u30678\u679a\u3001\u8868\u88cf\u5408\u8a08\u306716\u679a\u307e\u3067\u306e\u30c1\u30c3\u30d7\u304c\u5b9f\u88c5\u53ef\u80fd\u3067\u3001\u4f8b\u3048\u30704\u30ae\u30ac\u30d0\u30a4\u30c8\u306e\u30e1\u30e2\u30ea\u3067\u3059\u3068\u30012\u30ae\u30ac\u30d3\u30c3\u30c8\u306e\u30c1\u30c3\u30d7\u30924\u679a\u30671\u30ae\u30ac\u30d0\u30a4\u30c8\u3068\u306a\u308a\u300116\u679a\u30674\u30ae\u30ac\u30d0\u30a4\u30c8\u3068\u306a\u308a\u307e\u3059\u3002<br \/>\n\u3000\u4ee5\u524d\u307e\u3067\u306f4\u30ae\u30ac\u30d0\u30a4\u30c8\u30e1\u30e2\u30ea\u3067\u306f\u3001\u3053\u306e\u4e21\u9762\u306b16\u679a\u306e\u30c1\u30c3\u30d7\u3092\u5b9f\u88c5\u3057\u305f\u3082\u306e\u304c\u4e3b\u6d41\u3060\u3063\u305f\u306e\u3067\u3059\u304c\u3001\u30c1\u30c3\u30d7\u306e\u9ad8\u96c6\u7a4d\u5316\u6280\u8853\u306e\u9032\u6b69\u306b\u3088\u3063\u3066\u30014\u30ae\u30ac\u30d3\u30c3\u30c8\u30c1\u30c3\u30d7\u3067\u3042\u308c\u3070\u534a\u5206\u306e\u30c1\u30c3\u30d7\u6570\u3067\u540c\u5bb9\u91cf\u306e\u30e1\u30e2\u30ea\u3092\u88fd\u9020\u53ef\u80fd\u306a\u3053\u3068\u304b\u3089\u3001\u6700\u8fd1\u3067\u306f4\u30ae\u30ac\u30d3\u30c3\u30c8\u30c1\u30c3\u30d7\u3092\u63a1\u7528\u3057\u305f\u3001\u7247\u9762\u306e\u307f8\u679a\u5b9f\u88c5\u306e\u30c1\u30c3\u30d7\u3067\u69cb\u6210\u3055\u308c\u305f\u30e1\u30e2\u30ea\u304c\u6b86\u3069\u3092\u5360\u3081\u3001\u305d\u308c\u307e\u3067\u4e21\u976216\u679a\u3067\u69cb\u6210\u3055\u308c\u3066\u3044\u305f\u30e1\u30e2\u30ea\u306b\u3064\u3044\u3066\u3082\u3001\u5546\u54c1\u540d\u3084\u578b\u756a\u5909\u66f4\u3055\u308c\u306a\u3044\u307e\u307e\u7247\u97628\u679a\u306b\u4ed5\u69d8\u5909\u66f4\u3055\u308c\u3066\u3044\u307e\u3059\u3002<br \/>\n\u3000\u3068\u3053\u308d\u304c\u524d\u8ff0\u306e\u7b2c\u4e00\u4e16\u4ee3\u306eCore i\u30b7\u30ea\u30fc\u30ba(CPU\u578b\u756a\u3092\u8868\u3059\u6570\u5024\u304c3\u6841)\u306e\u6a5f\u7a2e\u3067\u8a8d\u8b58\u53ef\u80fd\u306a\u30c1\u30c3\u30d7\u306f2\u30ae\u30ac\u30d3\u30c3\u30c8\u307e\u3067\u3068\u306a\u308a\u30014\u30ae\u30ac\u30d3\u30c3\u30c8\u30c1\u30c3\u30d78\u679a\u3067\u69cb\u6210\u3055\u308c\u305f\u30e1\u30e2\u30ea\u306f\u3001\u8a8d\u8b58\u3059\u308b\u3053\u3068\u304c\u51fa\u6765\u305a\u52d5\u4f5c\u81f4\u3057\u307e\u305b\u3093\u3002<br \/>\n\u30002015\u5e7411\u6708\u6642\u70b9\u3067\u3001\u5f53\u5e97\u304a\u53d6\u6271\u306e\u65b0\u54c1\u306e\u5546\u54c1\u3067\u306f\u3001\u30c7\u30b9\u30af\u30c8\u30c3\u30d7\u7528\u306eDDR3\u306e4\u30ae\u30ac\u30d0\u30a4\u30c8\u30e1\u30e2\u30ea\u3067\u4e21\u976216\u679a\u4ed5\u69d8\u306e\u30e1\u30e2\u30ea\u306f\u4eca\u5f8c\u306e\u5165\u8377\u306e\u898b\u8fbc\u307f\u3082\u7acb\u3063\u3066\u304a\u3089\u305a\u3001\u30ce\u30fc\u30c8PC\u7528\u306eSO-DIMM\u306b\u3064\u3044\u3066\u3082\u3044\u305a\u308c\u7121\u304f\u306a\u308b\u4e8b\u304c\u4e88\u60f3\u3055\u308c\u307e\u3059\u306e\u3067\u3001\u8a72\u5f53\u3059\u308b\u6a5f\u7a2e\u3067\u6700\u5927\u5bb9\u91cf\u306e8\u30ae\u30ac\u30d0\u30a4\u30c8\u307e\u3067\u30e1\u30e2\u30ea\u3092\u5897\u8a2d\u3055\u308c\u305f\u3044\u306e\u3067\u3042\u308c\u3070\u3001\u4e2d\u53e4\u5546\u54c1\u306a\u3069\u3082\u542b\u3081\u3066\u4e21\u976216\u679a\u4ed5\u69d8\u306e\u30e1\u30e2\u30ea\u304c\u7121\u3044\u304b\u3092\u30b9\u30bf\u30c3\u30d5\u306b\u5fa1\u76f8\u8ac7\u4e0b\u3055\u3044\u3002<\/p>\n<div class=\"line_faq\"><\/div>\n<p class=\"question\">2GB\u30e1\u30e2\u30ea\u30924\u679a\u8cb7\u3063\u305f\u3068\u3053\u308d\u30013GB\u7a0b\u5ea6\u3057\u304b\u8a8d\u8b58\u3055\u308c\u306a\u3044\u306e\u3067\u3059\u304c\u3001\u3069\u3046\u3057\u3066\u3067\u3057\u3087\u3046\u304b\uff1f<\/p>\n<div class=\"line_faq\"><\/div>\n<p class=\"answer\">\u300032bit\u7248\u306eOS\u3092\u5fa1\u5229\u7528\u306e\u5834\u5408\u306f\u3001OS\u306e\u4ed5\u69d8\u4e0a3.4GB\u7a0b\u5ea6\uff08\u5fa1\u5229\u7528\u30b7\u30b9\u30c6\u30e0\u306b\u3088\u3063\u3066\u7570\u306a\u308a\u307e\u3059\uff09\u307e\u3067\u3057\u304b\u8a8d\u8b58\u3059\u308b\u4e8b\u304c\u51fa\u6765\u305a\u30014GB\u4ee5\u4e0a\u30e1\u30e2\u30ea\u3092\u642d\u8f09\u3055\u308c\u308b\u306e\u3067\u3042\u308c\u307064bit\u7248\u306eOS\u304c\u5fc5\u9808\u3068\u306a\u308a\u307e\u3059\u3002<br \/>\n\u307e\u305f\u300164bit\u7248\u306eOS\u3067\u3042\u3063\u3066\u3082\u30a8\u30c7\u30a3\u30b7\u30e7\u30f3\u306b\u3088\u308a\u8a8d\u8b58\u51fa\u6765\u308b\u6700\u5927\u30e1\u30e2\u30ea\u5bb9\u91cf\u304c\u7570\u306a\u308a\u307e\u3059\u306e\u3067\u5fa1\u6ce8\u610f\u4e0b\u3055\u3044\u3002<br \/>\n<BR><br \/>\n<strong>\uff1cWindows\u306e\u7a2e\u985e\u3068\u30a8\u30c7\u30a3\u30b7\u30e7\u30f3\u306b\u3088\u308b\u30e1\u30e2\u30ea\u6700\u5927\u8a8d\u8b58\u5bb9\u91cf\uff1e<\/strong><\/p>\n<table>\n<tbody>\n<tr bgcolor=\"#ccccff\">\n<td>OS\u540d\u3068\u30a8\u30c7\u30a3\u30b7\u30e7\u30f3<\/td>\n<td>32\u30d3\u30c3\u30c8\u7248(X86)<\/td>\n<td>64\u30d3\u30c3\u30c8(X64)<\/td>\n<\/tr>\n<tr>\n<td bgcolor=\"#ccccff\">Windows 2000 Professional<\/td>\n<td>4GB<\/td>\n<td>&#8211;<\/td>\n<\/tr>\n<tr>\n<td bgcolor=\"#ccccff\">Windows XP Home Edition<\/td>\n<td>4GB<\/td>\n<td>&#8211;<\/td>\n<\/tr>\n<tr>\n<td bgcolor=\"#ccccff\">Windows XP Professional<\/td>\n<td>4GB<\/td>\n<td>&#8211;<\/td>\n<\/tr>\n<tr>\n<td bgcolor=\"#ccccff\">Windows XP Professional x64 Edition<\/td>\n<td>&#8211;<\/td>\n<td>128GB<\/td>\n<\/tr>\n<tr>\n<td bgcolor=\"#ccccff\">Windows Vista Home Basic<\/td>\n<td>4GB<\/td>\n<td>8GB<\/td>\n<\/tr>\n<tr>\n<td bgcolor=\"#ccccff\">Windows Vista Home Premium<\/td>\n<td>4GB<\/td>\n<td>16GB<\/td>\n<\/tr>\n<tr>\n<td bgcolor=\"#ccccff\">Windows Vista Business<\/td>\n<td>4GB<\/td>\n<td>128GB<\/td>\n<\/tr>\n<tr>\n<td bgcolor=\"#ccccff\">Windows Vista Enterprise<\/td>\n<td>4GB<\/td>\n<td>128GB<\/td>\n<\/tr>\n<tr>\n<td bgcolor=\"#ccccff\">Windows Vista Ultimate<\/td>\n<td>4GB<\/td>\n<td>128GB<\/td>\n<\/tr>\n<tr>\n<td bgcolor=\"#ccccff\">Windows 7 Starter<\/td>\n<td>2GB<\/td>\n<td>&#8211;<\/td>\n<\/tr>\n<tr>\n<td bgcolor=\"#ccccff\">Windows 7 Home Premium<\/td>\n<td>4GB<\/td>\n<td>16GB<\/td>\n<\/tr>\n<tr>\n<td bgcolor=\"#ccccff\">Windows 7 Professional<\/td>\n<td>4GB<\/td>\n<td>192GB<\/td>\n<\/tr>\n<tr>\n<td bgcolor=\"#ccccff\">Windows 7 Enterprise<\/td>\n<td>4GB<\/td>\n<td>192GB<\/td>\n<\/tr>\n<tr>\n<td bgcolor=\"#ccccff\">Windows 7 Ultimate<\/td>\n<td>4GB<\/td>\n<td>192GB<\/td>\n<\/tr>\n<tr>\n<td bgcolor=\"#ccccff\">Windows 8\/8.1(\u7121\u5370)<\/td>\n<td>4GB<\/td>\n<td>128GB<\/td>\n<\/tr>\n<tr>\n<td bgcolor=\"#ccccff\">Windows 8\/8.1 Pro<\/td>\n<td>4GB<\/td>\n<td>512GB<\/td>\n<\/tr>\n<tr>\n<td bgcolor=\"#ccccff\">Windows 8\/8.1 Enterprise<\/td>\n<td>4GB<\/td>\n<td>512GB<\/td>\n<\/tr>\n<td bgcolor=\"#ccccff\">Windows 10 Home<\/td>\n<td>4GB<\/td>\n<td>128GB<\/td>\n<\/tr>\n<td bgcolor=\"#ccccff\">Windows 10 Pro<\/td>\n<td>4GB<\/td>\n<td>2TB<\/td>\n<\/tr>\n<td bgcolor=\"#ccccff\">Windows 10 Pro for Workstations<\/td>\n<td>4GB<\/td>\n<td>6TB<\/td>\n<\/tr>\n<\/tbody>\n<\/table>\n<p>&nbsp;<br \/>\n<BR><br \/>\n<BR><\/p>\n<div class=\"line_faq\"><\/div>\n<p class=\"question\">\u65e7\u3044\u30bf\u30a4\u30d7\u306ePC\u306e\u30e1\u30e2\u30ea\u3092\u63a2\u3057\u3066\u3044\u3066\u3001\u5546\u54c1\u540d\u306e\u6700\u5f8c\u306b128Mbit\u3084256Mbit\u3068\u3042\u308b\u306e\u3067\u3059\u304c\u610f\u5473\u304c\u89e3\u308a\u307e\u305b\u3093\u3002\u9055\u3044\u306f\u4f55\u3067\u3057\u3087\u3046\u304b\uff1f<\/p>\n<div class=\"line_faq\"><\/div>\n<p class=\"answer\">\u3000\u307e\u305a\u300cMB(\u30e1\u30ac\u30d0\u30a4\u30c8)\u300d\u3068\u300cMbit(\u30e1\u30ac\u30d3\u30c3\u30c8)\u300d\u306e\u9055\u3044\u3067\u3059\u304c\u3001\u4e00\u822c\u7684\u306b\u300cMB(\u30e1\u30ac\u30d0\u30a4\u30c8)\u300d\u306f\u30e1\u30e2\u30ea\u81ea\u4f53\u306e\u5bb9\u91cf\u3092\u8868\u3057\u3001\u300cMbit(\u30e1\u30ac\u30d3\u30c3\u30c8)\u300d\u306f\u57fa\u677f\u4e0a\u306b\u642d\u8f09\u3055\u308c\u305f\u30c1\u30c3\u30d7\uff08\u9ed2\u3044\u9577\u65b9\u5f62\u3042\u308b\u3044\u306f\u6b63\u65b9\u5f62\u306e\u77f3\uff09\u306e\u96c6\u7a4d\u5ea6\u3092\u8868\u3057\u307e\u3059\u3002<br \/>\n\u300e168Pin DIMM\u300f\u3084\u300e144Pin SO-DIMM\u300f\u306e\u30e1\u30e2\u30ea\u306b\u306f\u3001\u540c\u3058\u898f\u683c\u3067\u3082\u642d\u8f09\u3055\u308c\u3066\u3044\u308b\u30c1\u30c3\u30d7\u306e\u96c6\u7a4d\u5ea6\u306b\u3088\u3063\u3066\u300e128Mbit\u300f\u300e256Mbit\u300f\u300e512Mbit\u300f\u306e\u4ed5\u69d8\u304c\u3042\u308a\u3001\u65e7\u3044\u6a5f\u7a2e\u3067\u306f\u9ad8\u96c6\u7a4d\u5ea6\u306e\u300e256Mbit\u300f\u3084\u300e512Mbit\u300f\u306e\u30e1\u30e2\u30ea\u306b\u306f\u5bfe\u5fdc\u3057\u306a\u3044\u5834\u5408\u3042\u308a\u307e\u3059\u3002<br \/>\n\u4e00\u822c\u306b1\u679a\u306e\u30e1\u30e2\u30ea\u30e2\u30b8\u30e5\u30fc\u30eb(\u57fa\u677f)\u306b\u642d\u8f09\u51fa\u6765\u308b\u30e1\u30e2\u30ea\u30c1\u30c3\u30d7\u306f\u3001\u7247\u97628\u679a\u3001\u4e21\u976216\u679a\u304c\u6700\u5927\u30c1\u30c3\u30d7\u6570\u3068\u306a\u308a\u307e\u3059\u3002<br \/>\n\u300c1\u30d0\u30a4\u30c8\uff1d8\u30d3\u30c3\u30c8\u300d\u306e\u8a08\u7b97\u3068\u306a\u308a\u3001\u4f8b\u3048\u3070\u300e256MB (256Mbit)\u300f\u306e\u30e1\u30e2\u30ea\u3067\u3059\u3068256Mbit\u306e\u30c1\u30c3\u30d7\u304c\u7247\u9762\u306b8\u679a\u642d\u8f09\u3055\u308c\u305f\u30e1\u30e2\u30ea\u3068\u306a\u308a\u307e\u3059\u3002<br \/>\n<strong>\u203b\u3000256Mbit\u00d78\uff1d256MB<\/strong><br \/>\n\uff08\u540c\u69d8\u306e\u30c1\u30c3\u30d7\u3092\u4e21\u9762\u306b\u642d\u8f09\u3057\u305f\u5834\u5408\u306f512MB\u3068\u306a\u308a\u307e\u3059\uff09<br \/>\n\u3068\u3053\u308d\u304c\u3001\u65e7\u3044\u6a5f\u7a2e\u3067\u306f\u3053\u306e256Mbit\u306e\u30c1\u30c3\u30d7\u3092\u8a8d\u8b58\u3059\u308b\u4e8b\u304c\u51fa\u6765\u305a\u3001\u5168\u304f\u52d5\u4f5c\u3057\u306a\u3044\u304b\u52d5\u4f5c\u3057\u3066\u3082\u672c\u6765\u306e\u5bb9\u91cf\u306e\u534a\u5206\u307e\u3067\u3057\u304b\u8a8d\u8b58\u51fa\u6765\u306a\u3044\u3068\u3044\u3063\u305f\u73fe\u8c61\u304c\u8d77\u304d\u307e\u3059\u3002<br \/>\n\u3053\u306e\u3088\u3046\u306a\u5834\u5408\u3001\u304a\u4f7f\u3044\u306ePC\u304c\u5143\u3005\u300e256Mbit\u300f\u4ed5\u69d8\u306e\u30e1\u30e2\u30ea\u306b\u5bfe\u5fdc\u3057\u3066\u3044\u306a\u3044\u3068\u3044\u3046\u4e8b\u3067\u3001\u4ed5\u69d8\u30fb\u898f\u683c\u5916\u306e\u30e1\u30e2\u30ea\u3068\u306a\u308a\u76f8\u6027\u4fdd\u8a3c\u306e\u5bfe\u8c61\u3068\u306f\u306a\u308a\u307e\u305b\u3093\u3002<br \/>\n\u78ba\u8a8d\u3059\u308b\u30d2\u30f3\u30c8\u306f\u3001\u304a\u4f7f\u3044\u306ePC\u304c\u300c512MB\u300d\u306e\u30e1\u30e2\u30ea\u306b\u5bfe\u5fdc\u3057\u3066\u3044\u308b\u304b\u3069\u3046\u304b\u3067\u3059\u3002\u3000\u300c512MB\u300d\u306e\u30e1\u30e2\u30ea\u306b\u5bfe\u5fdc\u3057\u3066\u3044\u308c\u3070\u3001\u901a\u5e38\u306f\u7247\u9762\u4ed5\u69d8\u306e\u300c256MB\u300d\u30e1\u30e2\u30ea\u306b\u3082\u5bfe\u5fdc\u3057\u3066\u3044\u307e\u3059\u3002<br \/>\n\u4f8b\u3048\u30702\u3064\u306e\u30e1\u30e2\u30ea\u30b9\u30ed\u30c3\u30c8\u304c\u3042\u308bPC\u3067\u3001\u6700\u5927\u30e1\u30e2\u30ea\u642d\u8f09\u91cf\u304c\u300c1GB\u300d\u306e\u5834\u5408\u300c512MB\u300d\u306e\u30e1\u30e2\u30ea\u306b\u5bfe\u5fdc\u3059\u308b\u4e8b\u3068\u306a\u308a\u3001\u7d50\u679c\u7684\u306b\u300c256Mbit\u300d\u4ed5\u69d8\u306e\u30e1\u30e2\u30ea\u306b\u3082\u5bfe\u5fdc\u3057\u307e\u3059\u3002<br \/>\n\u9006\u306b2\u3064\u306e\u30e1\u30e2\u30ea\u30b9\u30ed\u30c3\u30c8\u304c\u3042\u308bPC\u3067\u3001\u6700\u5927\u30e1\u30e2\u30ea\u642d\u8f09\u91cf\u304c\u300c512MB\u300d\u306e\u5834\u5408\u306f\u30011\u30b9\u30ed\u30c3\u30c8\u8fba\u308a\u300c256MB\u300d\u306e\u30e1\u30e2\u30ea\u3057\u304b\u8a8d\u8b58\u51fa\u6765\u306a\u3044\u4e8b\u3068\u306a\u308a\u3001\u300c256Mbit\u300d\u4ed5\u69d8\u306e\u30e1\u30e2\u30ea\u306b\u306f\u5bfe\u3057\u307e\u305b\u3093\u3002<br \/>\n\u540c\u69d8\u306e\u4e8b\u306f256Mbit\u3068512Mbit\u4ed5\u69d8\u306e\u30e1\u30e2\u30ea\u3067\u3082\u8a00\u3048\u308b\u306e\u3067\u3059\u304c\u3001512Mbit\u4ed5\u69d8\u306eSD-RAM\u30e1\u30e2\u30ea\u304c\u52d5\u4f5c\u3059\u308bPC\u81ea\u4f53\u304c\u6b86\u3069\u7121\u304f\u3001PC-133\u898f\u683c\u306eSD-RAM\u304c\u5229\u7528\u3067\u304d\u308bPC\u306e\u4e2d\u3067\u3082\u3001\u5f8c\u671f\u306b\u767a\u58f2\u3055\u308c\u305f\u6975\u9650\u3089\u308c\u305f\u4e00\u90e8\u306ePC\u306e\u307f\u3067\u5229\u7528\u53ef\u80fd\u3067\u3059\u306e\u3067\u3001<span style=\"color: #ff0000;\"><strong>512Mbit\u4ed5\u69d8\u306ePC-133 SD-RAM\u306e\u30e1\u30e2\u30ea\u3092\u5fa1\u8cfc\u5165\u9802\u304f\u969b\u306b\u306f\u3001\u3054\u5229\u7528PC\u306b\u5bfe\u5fdc\u3059\u308b\u304b\u3092\u5145\u5206\u306b\u5fa1\u78ba\u8a8d\u4e0b\u3055\u3044\u3002<\/strong><\/span><br \/>\n\uff08\u6b8b\u5ff5\u306a\u304c\u3089\u5f53\u5e97\u3067\u3082\u3001\u3069\u306ePC\u304c512Mbit\u4ed5\u69d8\u306e\u30e1\u30e2\u30ea\u306b\u5bfe\u5fdc\u3059\u308b\u304b\u306f\u5206\u304b\u308a\u307e\u305b\u3093\u306e\u3067\u5fa1\u4e86\u627f\u4e0b\u3055\u3044\uff09<br \/>\n\u3000\u5fa1\u5229\u7528PC\u306e\u30de\u30b6\u30fc\u30dc\u30fc\u30c9\u306b\u63a1\u7528\u3055\u308c\u3066\u3044\u308b\u30c1\u30c3\u30d7\u30bb\u30c3\u30c8\u304c\u5224\u308c\u3070\u3001\u3042\u308b\u7a0b\u5ea6\u306f\u30e1\u30e2\u30ea\u306e\u5bfe\u5fdc\u72b6\u6cc1\u304c\u5206\u304b\u308a\u307e\u3059\u3002<br \/>\n\u3000\u5927\u51e1\u306f\u30e1\u30fc\u30ab\u30fc\u30b5\u30a4\u30c8\u306e\u88fd\u54c1\u4ed5\u69d8\u30da\u30fc\u30b8\u306b\u300e\u30c1\u30c3\u30d7\u30bb\u30c3\u30c8\u300f\u3068\u3057\u3066\u8a18\u8f09\u3055\u308c\u3066\u304a\u308a\u307e\u3059\u306e\u3067\u3001\u4e0b\u8a18\u306e\u5bfe\u5fdc\u72b6\u6cc1\u4e00\u89a7\u3092\u53c2\u8003\u306b\u3057\u3066\u307f\u3066\u4e0b\u3055\u3044\u3002<br \/>\n<BR><br \/>\n<strong>64Mbit\u307e\u3067\u5bfe\u5fdc<\/strong><br \/>\ni440BX\uff08\u521d\u671f\uff09<br \/>\n<strong>128Mbit\u307e\u3067\u5bfe\u5fdc<\/strong><br \/>\ni440BX\uff08\u5f8c\u671f\uff09<br \/>\ni440ZX<br \/>\ni810<br \/>\ni810E<br \/>\ni810E2<br \/>\n<strong>256Mbit\u307e\u3067\u5bfe\u5fdc<\/strong><br \/>\ni440MX<br \/>\ni440GX<br \/>\ni815<br \/>\ni815E<br \/>\ni815P<br \/>\ni815EP<br \/>\ni815EP B\u30b9\u30c6\u30c3\u30d4\u30f3\u30b0<br \/>\ni815G<br \/>\ni815EG<br \/>\ni815EM<br \/>\ni830MP<br \/>\ni830M<br \/>\ni830MG<br \/>\ni820<br \/>\ni820E<br \/>\ni840<br \/>\nApollo Pro133<br \/>\nApollo Pro133A<br \/>\nApollo KT133<br \/>\nApollo KT133A<\/p>\n<div class=\"line_faq\"><\/div>\n<\/div>\n<\/div>\n<\/div>\n<\/div>\n","protected":false},"excerpt":{"rendered":"<p>\u3088\u304f\u3042\u308b\u8cea\u554f\u3068\u56de\u7b54 \u79c1\u306ePC\u306f\u25cf\u25cf\u25cf\u25cf\u88fd\u306e\u00d7\u00d7\u00d7\u00d7\u3067\u3059\u304c\u3001\u30e1\u30e2\u30ea\u3092\u5897\u8a2d\u3057\u305f\u3044\u306e\u3067\u5bfe\u5fdc\u30e1\u30e2\u30ea\u3092\u6559\u3048\u3066\u4e0b\u3055\u3044 \u3000\u5f53\u5e97\u306f\u81ea\u4f5cPC\u30d1\u30fc\u30c4\u306e\u5c02\u9580\u5e97\u3068\u306a\u308a\u3001\u30e1\u30fc\u30ab\u30fc\u88fdPC\u306b\u95a2\u3059\u308b\u8a73\u7d30\u306a\u30c7\u30fc\u30bf\u3092\u6301\u3061\u5408\u308f\u305b\u3066\u304a\u308a\u307e\u305b\u3093\u306e\u3067\u3001\u305d\u3046\u3044\u3063\u305fP [&hellip;]<\/p>\n","protected":false},"author":2,"featured_media":0,"parent":100,"menu_order":2,"comment_status":"closed","ping_status":"closed","template":"","meta":{"footnotes":""},"class_list":["post-970","page","type-page","status-publish","hentry"],"_links":{"self":[{"href":"https:\/\/www.1-s.jp\/doc\/wp-json\/wp\/v2\/pages\/970","targetHints":{"allow":["GET"]}}],"collection":[{"href":"https:\/\/www.1-s.jp\/doc\/wp-json\/wp\/v2\/pages"}],"about":[{"href":"https:\/\/www.1-s.jp\/doc\/wp-json\/wp\/v2\/types\/page"}],"author":[{"embeddable":true,"href":"https:\/\/www.1-s.jp\/doc\/wp-json\/wp\/v2\/users\/2"}],"replies":[{"embeddable":true,"href":"https:\/\/www.1-s.jp\/doc\/wp-json\/wp\/v2\/comments?post=970"}],"version-history":[{"count":63,"href":"https:\/\/www.1-s.jp\/doc\/wp-json\/wp\/v2\/pages\/970\/revisions"}],"predecessor-version":[{"id":11885,"href":"https:\/\/www.1-s.jp\/doc\/wp-json\/wp\/v2\/pages\/970\/revisions\/11885"}],"up":[{"embeddable":true,"href":"https:\/\/www.1-s.jp\/doc\/wp-json\/wp\/v2\/pages\/100"}],"wp:attachment":[{"href":"https:\/\/www.1-s.jp\/doc\/wp-json\/wp\/v2\/media?parent=970"}],"curies":[{"name":"wp","href":"https:\/\/api.w.org\/{rel}","templated":true}]}}